{"id":218,"date":"2017-09-09T16:27:00","date_gmt":"2017-09-09T14:27:00","guid":{"rendered":"http:\/\/best-of-domina.com\/?page_id=218"},"modified":"2019-04-12T10:16:42","modified_gmt":"2019-04-12T08:16:42","slug":"kontakt","status":"publish","type":"page","link":"https:\/\/bdsm-sklavenmarkt.club\/best-of-domina\/kontakt\/","title":{"rendered":"Kontakt"},"content":{"rendered":"\n<p style=\"font-size:20px;text-align:left\">Ich freue mich auch auf Ihren Kontakt oder einen Bannertausch mit Ihrer Seite.<br>Kopieren Sie einfach den untenstehenden Bannercode und f\u00fcgen Sie diesen <strong>unver\u00e4ndert<\/strong> in Ihrer Seite ein. Senden Sie mir anschlie\u00dfend eine Nachricht \u00fcber das Kontaktformular, dass Sie einen Bannertausch w\u00fcnschen.<br>Wir haben keine eigene Bannerseite. Ihre Banner werden als Werbebanner auf unseren Seiten angezeigt.<br><\/p>\n\n\n\n<p class=\"has-regular-font-size\"><strong>Hier ist f\u00fcr Sie meinen Bannercode:<\/strong><\/p>\n\n\n\n<pre class=\"wp-block-code\"><code>&lt;p align=\"center\">&lt;a href=\"http:\/\/best-domina.bdsm-sklavenmarkt.club\/.com\" target=\"_blank\">\n&lt;img src=\"http:\/\/best-domina.bdsm-sklavenmarkt.club\/.com\/wp-content\/uploads\/2017\/09\/Banner.jpg\" alt=\"Best of Domina das BDSM Portal\">&lt;br> Best-of-Domina.com das BDSM Portal&lt;br>\n&lt;\/a>&lt;\/p><\/code><\/pre>\n\n\n\n<p align=\"center\"><a href=\"http:\/\/best-domina.bdsm-sklavenmarkt.club\/.com\" target=\"_blank\" rel=\"noopener noreferrer\">\n<img decoding=\"async\" src=\"http:\/\/best-domina.bdsm-sklavenmarkt.club\/.com\/wp-content\/uploads\/2017\/09\/Banner.jpg\" alt=\"Best of Domina das BDSM Portal\"><br> Best-of-Domina.com das BDSM Portal<br>\n<\/a><\/p>\n\n\n\n<hr class=\"wp-block-separator is-style-wide\"\/>\n\n\n\n<div class=\"wpcf7 no-js\" id=\"wpcf7-f217-o1\" lang=\"de-DE\" dir=\"ltr\" data-wpcf7-id=\"217\">\n<div class=\"screen-reader-response\"><p role=\"status\" aria-live=\"polite\" aria-atomic=\"true\"><\/p> <ul><\/ul><\/div>\n<form action=\"\/best-of-domina\/wp-json\/wp\/v2\/pages\/218#wpcf7-f217-o1\" method=\"post\" class=\"wpcf7-form init\" aria-label=\"Kontaktformular\" novalidate=\"novalidate\" data-status=\"init\">\n<fieldset class=\"hidden-fields-container\"><input type=\"hidden\" name=\"_wpcf7\" value=\"217\" \/><input type=\"hidden\" name=\"_wpcf7_version\" value=\"6.1.5\" \/><input type=\"hidden\" name=\"_wpcf7_locale\" value=\"de_DE\" \/><input type=\"hidden\" name=\"_wpcf7_unit_tag\" value=\"wpcf7-f217-o1\" \/><input type=\"hidden\" name=\"_wpcf7_container_post\" value=\"0\" \/><input type=\"hidden\" name=\"_wpcf7_posted_data_hash\" value=\"\" \/>\n<\/fieldset>\n<p><label> Ihr Name (Pflichtfeld)<br \/>\n<span class=\"wpcf7-form-control-wrap\" data-name=\"your-name\"><input size=\"40\" maxlength=\"400\" class=\"wpcf7-form-control wpcf7-text wpcf7-validates-as-required\" aria-required=\"true\" aria-invalid=\"false\" value=\"\" type=\"text\" name=\"your-name\" \/><\/span> <\/label>\n<\/p>\n<p><label> Ihre E-Mail-Adresse (Pflichtfeld)<br \/>\n<span class=\"wpcf7-form-control-wrap\" data-name=\"your-email\"><input size=\"40\" maxlength=\"400\" class=\"wpcf7-form-control wpcf7-email wpcf7-validates-as-required wpcf7-text wpcf7-validates-as-email\" aria-required=\"true\" aria-invalid=\"false\" value=\"\" type=\"email\" name=\"your-email\" \/><\/span> <\/label>\n<\/p>\n<p><label> Betreff<br \/>\n<span class=\"wpcf7-form-control-wrap\" data-name=\"your-subject\"><input size=\"40\" maxlength=\"400\" class=\"wpcf7-form-control wpcf7-text\" aria-invalid=\"false\" value=\"\" type=\"text\" name=\"your-subject\" \/><\/span> <\/label>\n<\/p>\n<p><label> Ihre Nachricht<br \/>\n<span class=\"wpcf7-form-control-wrap\" data-name=\"your-message\"><textarea cols=\"40\" rows=\"10\" maxlength=\"2000\" class=\"wpcf7-form-control wpcf7-textarea\" aria-invalid=\"false\" name=\"your-message\"><\/textarea><\/span> <\/label>\n<\/p>\n<center>\n\t<p><label> Zustimmung<br \/>\n<span class=\"wpcf7-form-control-wrap\" data-name=\"Zustimmung\"><span class=\"wpcf7-form-control wpcf7-acceptance\"><span class=\"wpcf7-list-item\"><label><input type=\"checkbox\" name=\"Zustimmung\" value=\"1\" aria-invalid=\"false\" \/><span class=\"wpcf7-list-item-label\">Ich habe die Datenschutzerkl\u00e4rung zur Kenntnis genommen. Ich stimme zu, dass meine Angaben und Daten zur Beantwortung meiner Anfrage elektronisch erhoben und gespeichert werden. Hinweis: Sie k\u00f6nnen Ihre Einwilligung jederzeit f\u00fcr die Zukunft per E-Mail an  widerrufen. Bitte beachten Sie dass der Versand \u00fcber das Kontaktformular grunds\u00e4tzlich unsicher ist da nicht alle Wege verschl\u00fcsselt werden k\u00f6nnen.<\/span><\/label><\/span><\/span><\/span> <\/label>\n\t<\/p>\n<\/center>\n<p><input class=\"wpcf7-form-control wpcf7-submit has-spinner\" type=\"submit\" value=\"Senden\" \/>\n<\/p><div class=\"wpcf7-response-output\" aria-hidden=\"true\"><\/div>\n<\/form>\n<\/div>\n\n<p>Views: 1205<\/p>","protected":false},"excerpt":{"rendered":"<p>Ich freue mich auch auf Ihren Kontakt oder einen Bannertausch mit Ihrer Seite.Kopieren Sie einfach den untenstehenden Bannercode und f\u00fcgen Sie diesen unver\u00e4ndert in Ihrer Seite ein. Senden Sie mir anschlie\u00dfend eine Nachricht \u00fcber das Kontaktformular, dass Sie einen Bannertausch w\u00fcnschen.Wir haben keine eigene Bannerseite. Ihre Banner werden als Werbebanner auf unseren Seiten angezeigt. Hier [&hellip;]<\/p>\n","protected":false},"author":1,"featured_media":0,"parent":0,"menu_order":0,"comment_status":"closed","ping_status":"closed","template":"page-left-sidebar.php","meta":{"jetpack_post_was_ever_published":false,"footnotes":""},"class_list":["post-218","page","type-page","status-publish","hentry"],"yoast_head":"<!-- This site is optimized with the Yoast SEO plugin v27.5 - https:\/\/yoast.com\/product\/yoast-seo-wordpress\/ -->\n<title>Best-of-Domina.com | Bannertausch &amp; Kontakt | Portal<\/title>\n<meta name=\"description\" content=\"Ich freue mich auch auf Ihren Kontakt oder einen Bannertausch mit Ihrer Seite. Kopieren Sie einfach den untenstehenden Bannercode auf deine Internetseite\" \/>\n<meta name=\"robots\" content=\"index, follow, max-snippet:-1, max-image-preview:large, max-video-preview:-1\" \/>\n<link rel=\"canonical\" href=\"https:\/\/bdsm-sklavenmarkt.club\/best-of-domina\/kontakt\/\" \/>\n<meta property=\"og:locale\" content=\"de_DE\" \/>\n<meta property=\"og:type\" content=\"article\" \/>\n<meta property=\"og:title\" content=\"Best-of-Domina.com | Bannertausch &amp; Kontakt | Portal\" \/>\n<meta property=\"og:description\" content=\"Ich freue mich auch auf Ihren Kontakt oder einen Bannertausch mit Ihrer Seite. Kopieren Sie einfach den untenstehenden Bannercode auf deine Internetseite\" \/>\n<meta property=\"og:url\" content=\"https:\/\/bdsm-sklavenmarkt.club\/best-of-domina\/kontakt\/\" \/>\n<meta property=\"og:site_name\" content=\"Best of Domina\" \/>\n<meta property=\"article:modified_time\" content=\"2019-04-12T08:16:42+00:00\" \/>\n<meta property=\"og:image\" content=\"http:\/\/best-domina.bdsm-sklavenmarkt.club\/.com\/wp-content\/uploads\/2017\/09\/Banner.jpg\" \/>\n<meta name=\"twitter:card\" content=\"summary_large_image\" \/>\n<meta name=\"twitter:site\" content=\"@bestofdomina\" \/>\n<meta name=\"twitter:label1\" content=\"Gesch\u00e4tzte Lesezeit\" \/>\n\t<meta name=\"twitter:data1\" content=\"1\u00a0Minute\" \/>\n<script type=\"application\/ld+json\" class=\"yoast-schema-graph\">{\"@context\":\"https:\\\/\\\/schema.org\",\"@graph\":[{\"@type\":\"WebPage\",\"@id\":\"https:\\\/\\\/bdsm-sklavenmarkt.club\\\/best-of-domina\\\/kontakt\\\/\",\"url\":\"https:\\\/\\\/bdsm-sklavenmarkt.club\\\/best-of-domina\\\/kontakt\\\/\",\"name\":\"Best-of-Domina.com | Bannertausch & Kontakt | Portal\",\"isPartOf\":{\"@id\":\"https:\\\/\\\/bdsm-sklavenmarkt.club\\\/best-of-domina\\\/#website\"},\"primaryImageOfPage\":{\"@id\":\"https:\\\/\\\/bdsm-sklavenmarkt.club\\\/best-of-domina\\\/kontakt\\\/#primaryimage\"},\"image\":{\"@id\":\"https:\\\/\\\/bdsm-sklavenmarkt.club\\\/best-of-domina\\\/kontakt\\\/#primaryimage\"},\"thumbnailUrl\":\"http:\\\/\\\/best-domina.bdsm-sklavenmarkt.club\\\/.com\\\/wp-content\\\/uploads\\\/2017\\\/09\\\/Banner.jpg\",\"datePublished\":\"2017-09-09T14:27:00+00:00\",\"dateModified\":\"2019-04-12T08:16:42+00:00\",\"description\":\"Ich freue mich auch auf Ihren Kontakt oder einen Bannertausch mit Ihrer Seite. Kopieren Sie einfach den untenstehenden Bannercode auf deine Internetseite\",\"breadcrumb\":{\"@id\":\"https:\\\/\\\/bdsm-sklavenmarkt.club\\\/best-of-domina\\\/kontakt\\\/#breadcrumb\"},\"inLanguage\":\"de\",\"potentialAction\":[{\"@type\":\"ReadAction\",\"target\":[\"https:\\\/\\\/bdsm-sklavenmarkt.club\\\/best-of-domina\\\/kontakt\\\/\"]}]},{\"@type\":\"ImageObject\",\"inLanguage\":\"de\",\"@id\":\"https:\\\/\\\/bdsm-sklavenmarkt.club\\\/best-of-domina\\\/kontakt\\\/#primaryimage\",\"url\":\"http:\\\/\\\/best-domina.bdsm-sklavenmarkt.club\\\/.com\\\/wp-content\\\/uploads\\\/2017\\\/09\\\/Banner.jpg\",\"contentUrl\":\"http:\\\/\\\/best-domina.bdsm-sklavenmarkt.club\\\/.com\\\/wp-content\\\/uploads\\\/2017\\\/09\\\/Banner.jpg\"},{\"@type\":\"BreadcrumbList\",\"@id\":\"https:\\\/\\\/bdsm-sklavenmarkt.club\\\/best-of-domina\\\/kontakt\\\/#breadcrumb\",\"itemListElement\":[{\"@type\":\"ListItem\",\"position\":1,\"name\":\"Startseite\",\"item\":\"https:\\\/\\\/bdsm-sklavenmarkt.club\\\/best-of-domina\\\/\"},{\"@type\":\"ListItem\",\"position\":2,\"name\":\"Kontakt\"}]},{\"@type\":\"WebSite\",\"@id\":\"https:\\\/\\\/bdsm-sklavenmarkt.club\\\/best-of-domina\\\/#website\",\"url\":\"https:\\\/\\\/bdsm-sklavenmarkt.club\\\/best-of-domina\\\/\",\"name\":\"Best of Domina\",\"description\":\"Das Domina Portal\",\"publisher\":{\"@id\":\"https:\\\/\\\/bdsm-sklavenmarkt.club\\\/best-of-domina\\\/#\\\/schema\\\/person\\\/3881534f4fc1f7acc8c041718eab939e\"},\"potentialAction\":[{\"@type\":\"SearchAction\",\"target\":{\"@type\":\"EntryPoint\",\"urlTemplate\":\"https:\\\/\\\/bdsm-sklavenmarkt.club\\\/best-of-domina\\\/?s={search_term_string}\"},\"query-input\":{\"@type\":\"PropertyValueSpecification\",\"valueRequired\":true,\"valueName\":\"search_term_string\"}}],\"inLanguage\":\"de\"},{\"@type\":[\"Person\",\"Organization\"],\"@id\":\"https:\\\/\\\/bdsm-sklavenmarkt.club\\\/best-of-domina\\\/#\\\/schema\\\/person\\\/3881534f4fc1f7acc8c041718eab939e\",\"name\":\"Peter\",\"image\":{\"@type\":\"ImageObject\",\"inLanguage\":\"de\",\"@id\":\"https:\\\/\\\/bdsm-sklavenmarkt.club\\\/best-of-domina\\\/wp-content\\\/uploads\\\/2022\\\/10\\\/Lebe-deine-Leidenschaft-BDSM.png\",\"url\":\"https:\\\/\\\/bdsm-sklavenmarkt.club\\\/best-of-domina\\\/wp-content\\\/uploads\\\/2022\\\/10\\\/Lebe-deine-Leidenschaft-BDSM.png\",\"contentUrl\":\"https:\\\/\\\/bdsm-sklavenmarkt.club\\\/best-of-domina\\\/wp-content\\\/uploads\\\/2022\\\/10\\\/Lebe-deine-Leidenschaft-BDSM.png\",\"width\":300,\"height\":202,\"caption\":\"Peter\"},\"logo\":{\"@id\":\"https:\\\/\\\/bdsm-sklavenmarkt.club\\\/best-of-domina\\\/wp-content\\\/uploads\\\/2022\\\/10\\\/Lebe-deine-Leidenschaft-BDSM.png\"}}]}<\/script>\n<!-- \/ Yoast SEO plugin. -->","yoast_head_json":{"title":"Best-of-Domina.com | Bannertausch & Kontakt | Portal","description":"Ich freue mich auch auf Ihren Kontakt oder einen Bannertausch mit Ihrer Seite. Kopieren Sie einfach den untenstehenden Bannercode auf deine Internetseite","robots":{"index":"index","follow":"follow","max-snippet":"max-snippet:-1","max-image-preview":"max-image-preview:large","max-video-preview":"max-video-preview:-1"},"canonical":"https:\/\/bdsm-sklavenmarkt.club\/best-of-domina\/kontakt\/","og_locale":"de_DE","og_type":"article","og_title":"Best-of-Domina.com | Bannertausch & Kontakt | Portal","og_description":"Ich freue mich auch auf Ihren Kontakt oder einen Bannertausch mit Ihrer Seite. Kopieren Sie einfach den untenstehenden Bannercode auf deine Internetseite","og_url":"https:\/\/bdsm-sklavenmarkt.club\/best-of-domina\/kontakt\/","og_site_name":"Best of Domina","article_modified_time":"2019-04-12T08:16:42+00:00","og_image":[{"url":"http:\/\/best-domina.bdsm-sklavenmarkt.club\/.com\/wp-content\/uploads\/2017\/09\/Banner.jpg","type":"","width":"","height":""}],"twitter_card":"summary_large_image","twitter_site":"@bestofdomina","twitter_misc":{"Gesch\u00e4tzte Lesezeit":"1\u00a0Minute"},"schema":{"@context":"https:\/\/schema.org","@graph":[{"@type":"WebPage","@id":"https:\/\/bdsm-sklavenmarkt.club\/best-of-domina\/kontakt\/","url":"https:\/\/bdsm-sklavenmarkt.club\/best-of-domina\/kontakt\/","name":"Best-of-Domina.com | Bannertausch & Kontakt | Portal","isPartOf":{"@id":"https:\/\/bdsm-sklavenmarkt.club\/best-of-domina\/#website"},"primaryImageOfPage":{"@id":"https:\/\/bdsm-sklavenmarkt.club\/best-of-domina\/kontakt\/#primaryimage"},"image":{"@id":"https:\/\/bdsm-sklavenmarkt.club\/best-of-domina\/kontakt\/#primaryimage"},"thumbnailUrl":"http:\/\/best-domina.bdsm-sklavenmarkt.club\/.com\/wp-content\/uploads\/2017\/09\/Banner.jpg","datePublished":"2017-09-09T14:27:00+00:00","dateModified":"2019-04-12T08:16:42+00:00","description":"Ich freue mich auch auf Ihren Kontakt oder einen Bannertausch mit Ihrer Seite. Kopieren Sie einfach den untenstehenden Bannercode auf deine Internetseite","breadcrumb":{"@id":"https:\/\/bdsm-sklavenmarkt.club\/best-of-domina\/kontakt\/#breadcrumb"},"inLanguage":"de","potentialAction":[{"@type":"ReadAction","target":["https:\/\/bdsm-sklavenmarkt.club\/best-of-domina\/kontakt\/"]}]},{"@type":"ImageObject","inLanguage":"de","@id":"https:\/\/bdsm-sklavenmarkt.club\/best-of-domina\/kontakt\/#primaryimage","url":"http:\/\/best-domina.bdsm-sklavenmarkt.club\/.com\/wp-content\/uploads\/2017\/09\/Banner.jpg","contentUrl":"http:\/\/best-domina.bdsm-sklavenmarkt.club\/.com\/wp-content\/uploads\/2017\/09\/Banner.jpg"},{"@type":"BreadcrumbList","@id":"https:\/\/bdsm-sklavenmarkt.club\/best-of-domina\/kontakt\/#breadcrumb","itemListElement":[{"@type":"ListItem","position":1,"name":"Startseite","item":"https:\/\/bdsm-sklavenmarkt.club\/best-of-domina\/"},{"@type":"ListItem","position":2,"name":"Kontakt"}]},{"@type":"WebSite","@id":"https:\/\/bdsm-sklavenmarkt.club\/best-of-domina\/#website","url":"https:\/\/bdsm-sklavenmarkt.club\/best-of-domina\/","name":"Best of Domina","description":"Das Domina Portal","publisher":{"@id":"https:\/\/bdsm-sklavenmarkt.club\/best-of-domina\/#\/schema\/person\/3881534f4fc1f7acc8c041718eab939e"},"potentialAction":[{"@type":"SearchAction","target":{"@type":"EntryPoint","urlTemplate":"https:\/\/bdsm-sklavenmarkt.club\/best-of-domina\/?s={search_term_string}"},"query-input":{"@type":"PropertyValueSpecification","valueRequired":true,"valueName":"search_term_string"}}],"inLanguage":"de"},{"@type":["Person","Organization"],"@id":"https:\/\/bdsm-sklavenmarkt.club\/best-of-domina\/#\/schema\/person\/3881534f4fc1f7acc8c041718eab939e","name":"Peter","image":{"@type":"ImageObject","inLanguage":"de","@id":"https:\/\/bdsm-sklavenmarkt.club\/best-of-domina\/wp-content\/uploads\/2022\/10\/Lebe-deine-Leidenschaft-BDSM.png","url":"https:\/\/bdsm-sklavenmarkt.club\/best-of-domina\/wp-content\/uploads\/2022\/10\/Lebe-deine-Leidenschaft-BDSM.png","contentUrl":"https:\/\/bdsm-sklavenmarkt.club\/best-of-domina\/wp-content\/uploads\/2022\/10\/Lebe-deine-Leidenschaft-BDSM.png","width":300,"height":202,"caption":"Peter"},"logo":{"@id":"https:\/\/bdsm-sklavenmarkt.club\/best-of-domina\/wp-content\/uploads\/2022\/10\/Lebe-deine-Leidenschaft-BDSM.png"}}]}},"jetpack_sharing_enabled":true,"jetpack_shortlink":"https:\/\/wp.me\/P7Rvgh-3w","_links":{"self":[{"href":"https:\/\/bdsm-sklavenmarkt.club\/best-of-domina\/wp-json\/wp\/v2\/pages\/218","targetHints":{"allow":["GET"]}}],"collection":[{"href":"https:\/\/bdsm-sklavenmarkt.club\/best-of-domina\/wp-json\/wp\/v2\/pages"}],"about":[{"href":"https:\/\/bdsm-sklavenmarkt.club\/best-of-domina\/wp-json\/wp\/v2\/types\/page"}],"author":[{"embeddable":true,"href":"https:\/\/bdsm-sklavenmarkt.club\/best-of-domina\/wp-json\/wp\/v2\/users\/1"}],"replies":[{"embeddable":true,"href":"https:\/\/bdsm-sklavenmarkt.club\/best-of-domina\/wp-json\/wp\/v2\/comments?post=218"}],"version-history":[{"count":8,"href":"https:\/\/bdsm-sklavenmarkt.club\/best-of-domina\/wp-json\/wp\/v2\/pages\/218\/revisions"}],"predecessor-version":[{"id":1079,"href":"https:\/\/bdsm-sklavenmarkt.club\/best-of-domina\/wp-json\/wp\/v2\/pages\/218\/revisions\/1079"}],"wp:attachment":[{"href":"https:\/\/bdsm-sklavenmarkt.club\/best-of-domina\/wp-json\/wp\/v2\/media?parent=218"}],"curies":[{"name":"wp","href":"https:\/\/api.w.org\/{rel}","templated":true}]}}