{"id":124,"date":"2022-02-22T13:03:18","date_gmt":"2022-02-22T12:03:18","guid":{"rendered":"http:\/\/secondhand.bdsm-sklavenmarkt.club\/?page_id=124"},"modified":"2023-09-21T19:34:06","modified_gmt":"2023-09-21T17:34:06","slug":"bdsm-pumpsstiefel","status":"publish","type":"page","link":"https:\/\/bdsm-sklavenmarkt.club\/secondhand\/bdsm-pumpsstiefel\/","title":{"rendered":"BDSM Pumps+Stiefel"},"content":{"rendered":"\n<p>Es ist wichtig zu beachten, dass die Annonce f\u00fcr gebrauchte BDSM Pumps+Stiefel, bestimmte ethische und rechtliche \u00dcberlegungen erfordert. Hier sind einige Schritte, die Sie beachten sollten, wenn Sie gebrauchte BDSM-Stiefel bewerben m\u00f6chten:<\/p>\n\n\n <form class=\"hp-form--wide hp-form--primary hp-block hp-form hp-form--listing-search\" action=\"https:\/\/bdsm-sklavenmarkt.club\/secondhand\" method=\"GET\" data-component=\"form\"><div class=\"hp-form__messages\" data-component=\"messages\"><\/div><div class=\"hp-form__fields\"><input type=\"hidden\" name=\"post_type\" value=\"hp_listing\" class=\"hp-field hp-field--hidden\"><div class=\"hp-form__field hp-form__field--search\"><input type=\"search\" name=\"s\" value=\"\" placeholder=\"Schl\u00fcsselw\u00f6rter\" maxlength=\"256\" class=\"hp-field hp-field--search\"><\/div><div class=\"hp-form__field hp-form__field--select\"><select name=\"_category\" data-component=\"select\" class=\"hp-field hp-field--select\"><option value=\"\">Alle Kategorien<\/option><option value=\"4\">BDSM M\u00f6bel<\/option><option value=\"9\">BDSM Zubeh\u00f6r<\/option><option value=\"11\">BDSM Pumps+Stiefel<\/option><option value=\"12\">BDSM Dessous<\/option><option value=\"13\">BDSM Outfits<\/option><option value=\"15\">Art Kunst Bilder<\/option><\/select><\/div><\/div><div class=\"hp-form__footer\"><button type=\"submit\" class=\"hp-form__button button-primary alt button hp-field hp-field--submit\"><span>Suchen<\/span><\/button><\/div><\/form>\n\n <div class=\"hp-listings hp-block hp-grid\"><div class=\"hp-row\"><div class=\"hp-grid__item hp-col-sm-4 hp-col-xs-12\"><article class=\"hp-listing hp-listing--view-block\"><header class=\"hp-listing__header\"><div class=\"hp-listing__image\" data-component=\"carousel-slider\" data-preview=\"false\" data-aspect-ratio=\"\" data-url=\"https:\/\/bdsm-sklavenmarkt.club\/secondhand\/listing\/higheels-neu-und-ungetragen-gr-36\/\">\n\t\t\t<a href=\"https:\/\/bdsm-sklavenmarkt.club\/secondhand\/listing\/higheels-neu-und-ungetragen-gr-36\/\">\n\t\t\t\t\t\t\t<img decoding=\"async\" src=\"https:\/\/bdsm-sklavenmarkt.club\/secondhand\/wp-content\/uploads\/2025\/09\/1000249155-400x300.jpg\" alt=\"Higheels neu und ungetragen Gr.36\" loading=\"lazy\">\n\t\t\t\t\t<\/a>\n\t<\/div>\n<\/header><div class=\"hp-listing__content\">\t<div class=\"hp-listing__categories hp-listing__category\">\n\t\t\t\t\t<a href=\"https:\/\/bdsm-sklavenmarkt.club\/secondhand\/listing-category\/bdsm-schuhe\/\">BDSM Pumps+Stiefel<\/a>\n\t\t\t<\/div>\n\t<h4 class=\"hp-listing__title\"><a href=\"https:\/\/bdsm-sklavenmarkt.club\/secondhand\/listing\/higheels-neu-und-ungetragen-gr-36\/\">Higheels neu und ungetragen Gr.36<\/a>\n<\/h4><div class=\"hp-listing__details hp-listing__details--primary\"><time class=\"hp-listing__created-date hp-listing__date hp-meta\" datetime=\"2025-09-07 07:54:34\">\n\tHinzugef\u00fcgt am: 7. September 2025<\/time>\n<\/div><div class=\"hp-block hp-listing__attributes hp-listing__attributes--secondary\"><div class=\"hp-row\"><div class=\"hp-col-lg-6 hp-col-xs-12\"><div class=\"hp-listing__attribute hp-listing__attribute--preis\">50euro vb<\/div><\/div><div class=\"hp-col-lg-6 hp-col-xs-12\"><div class=\"hp-listing__attribute hp-listing__attribute--ort\">47877WILLICH<\/div><\/div><div class=\"hp-col-lg-6 hp-col-xs-12\"><div class=\"hp-listing__attribute hp-listing__attribute--schuhgroesse\">Gr\u00f6\u00dfe 36<\/div><\/div><\/div><\/div><\/div><footer class=\"hp-listing__footer\"><div class=\"hp-block hp-listing__attributes hp-listing__attributes--primary\"><div class=\"hp-listing__attribute hp-listing__attribute--abholung-oder-versand\">Abholung und Versand<\/div><\/div><div class=\"hp-listing__actions hp-listing__actions--primary\"><a href=\"#user_login_modal\" title=\"Auf Eintrag antworten\" class=\"hp-listing__action hp-listing__action--message\"><i class=\"hp-icon fas fa-comment\"><\/i><\/a>\n<a class=\"hp-listing__action hp-listing__action--favorite\" href=\"#user_login_modal\"><i class=\"hp-icon fas fa-heart\"><\/i><\/a><\/div><\/footer><\/article><\/div><div class=\"hp-grid__item hp-col-sm-4 hp-col-xs-12\"><article class=\"hp-listing hp-listing--view-block\"><header class=\"hp-listing__header\"><div class=\"hp-listing__image\" data-component=\"carousel-slider\" data-preview=\"false\" data-aspect-ratio=\"\" data-url=\"https:\/\/bdsm-sklavenmarkt.club\/secondhand\/listing\/higheels-neu-und-ungetragen-groesse-36\/\">\n\t\t\t<a href=\"https:\/\/bdsm-sklavenmarkt.club\/secondhand\/listing\/higheels-neu-und-ungetragen-groesse-36\/\">\n\t\t\t\t\t\t\t<img decoding=\"async\" src=\"https:\/\/bdsm-sklavenmarkt.club\/secondhand\/wp-content\/uploads\/2025\/09\/1000249157-1-400x300.jpg\" alt=\"Higheels neu und ungetragen gr\u00f6sse 36\" loading=\"lazy\">\n\t\t\t\t\t<\/a>\n\t<\/div>\n<\/header><div class=\"hp-listing__content\">\t<div class=\"hp-listing__categories hp-listing__category\">\n\t\t\t\t\t<a href=\"https:\/\/bdsm-sklavenmarkt.club\/secondhand\/listing-category\/bdsm-schuhe\/\">BDSM Pumps+Stiefel<\/a>\n\t\t\t<\/div>\n\t<h4 class=\"hp-listing__title\"><a href=\"https:\/\/bdsm-sklavenmarkt.club\/secondhand\/listing\/higheels-neu-und-ungetragen-groesse-36\/\">Higheels neu und ungetragen gr\u00f6sse 36<\/a>\n<\/h4><div class=\"hp-listing__details hp-listing__details--primary\"><time class=\"hp-listing__created-date hp-listing__date hp-meta\" datetime=\"2025-09-07 07:50:09\">\n\tHinzugef\u00fcgt am: 7. September 2025<\/time>\n<\/div><div class=\"hp-block hp-listing__attributes hp-listing__attributes--secondary\"><div class=\"hp-row\"><div class=\"hp-col-lg-6 hp-col-xs-12\"><div class=\"hp-listing__attribute hp-listing__attribute--preis\">50euro vb<\/div><\/div><div class=\"hp-col-lg-6 hp-col-xs-12\"><div class=\"hp-listing__attribute hp-listing__attribute--ort\">47877WILLICH<\/div><\/div><div class=\"hp-col-lg-6 hp-col-xs-12\"><div class=\"hp-listing__attribute hp-listing__attribute--schuhgroesse\">Gr\u00f6\u00dfe 36<\/div><\/div><\/div><\/div><\/div><footer class=\"hp-listing__footer\"><div class=\"hp-block hp-listing__attributes hp-listing__attributes--primary\"><div class=\"hp-listing__attribute hp-listing__attribute--abholung-oder-versand\">Abholung und Versand<\/div><\/div><div class=\"hp-listing__actions hp-listing__actions--primary\"><a href=\"#user_login_modal\" title=\"Auf Eintrag antworten\" class=\"hp-listing__action hp-listing__action--message\"><i class=\"hp-icon fas fa-comment\"><\/i><\/a>\n<a class=\"hp-listing__action hp-listing__action--favorite\" href=\"#user_login_modal\"><i class=\"hp-icon fas fa-heart\"><\/i><\/a><\/div><\/footer><\/article><\/div><\/div><\/div>\n\n\n<ol class=\"wp-block-list\">\n<li>Ehrlichkeit und Transparenz: Seien Sie ehrlich und transparent in Ihrer Werbung. Geben Sie alle relevanten Informationen \u00fcber die Stiefel an, einschlie\u00dflich Marke, Gr\u00f6\u00dfe, Material, Zustand (z.B. Gebraucht- oder Neuware), eventuelle Abnutzungsspuren und den Verkaufspreis.<\/li>\n\n\n\n<li>Klare und konsistente Beschreibung: Verfassen Sie eine klare und detaillierte Beschreibung der Stiefel. Geben Sie an, wie oft sie getragen wurden, ob sie spezielle Eigenschaften f\u00fcr BDSM-Aktivit\u00e4ten haben (z.B. hohe Abs\u00e4tze, Schn\u00fcrungen, Fesselm\u00f6glichkeiten usw.), und erw\u00e4hnen Sie eventuelle Besonderheiten oder M\u00e4ngel.<\/li>\n\n\n\n<li>Hochwertige Bilder: Nehmen Sie hochwertige Fotos von den Stiefeln auf, die alle relevanten Details zeigen. Dies hilft potenziellen K\u00e4ufern, den Zustand und das Aussehen der Stiefel besser zu beurteilen.<\/li>\n\n\n\n<li>Preisgestaltung: Setzen Sie einen angemessenen Verkaufspreis f\u00fcr die Stiefel fest. Recherchieren Sie \u00e4hnliche Artikel auf Online-Marktpl\u00e4tzen oder in BDSM-Communitys, um sicherzustellen, dass Ihr Preis wettbewerbsf\u00e4hig ist.<\/li>\n\n\n\n<li>Datenschutz beachten: Respektieren Sie die Privatsph\u00e4re der K\u00e4ufer und vermeiden Sie es, pers\u00f6nliche Informationen in Ihrer Werbung preiszugeben. Kommunizieren Sie \u00fcber private Nachrichten oder E-Mail, wenn Sie weitere Details oder Verhandlungen f\u00fchren m\u00fcssen.<\/li>\n\n\n\n<li>Diskretion wahren: Ber\u00fccksichtigen Sie, dass nicht jeder offen \u00fcber BDSM sprechen m\u00f6chte. Respektieren Sie die Diskretion und die Privatsph\u00e4re der beteiligten Parteien.<\/li>\n<\/ol>\n\n\n\n<p>Denken Sie daran, dass die Regeln und Gesetze bez\u00fcglich des Verkaufs von gebrauchter BDSM-Ausr\u00fcstung je nach Region unterschiedlich sein k\u00f6nnen. Informieren Sie sich daher \u00fcber die geltenden Vorschriften in Ihrer Region, um sicherzustellen, dass Sie alle rechtlichen Anforderungen erf\u00fcllen.<\/p>\n","protected":false},"excerpt":{"rendered":"<p>Es ist wichtig zu beachten, dass die Annonce f\u00fcr gebrauchte BDSM Pumps+Stiefel, bestimmte ethische und rechtliche \u00dcberlegungen erfordert. Hier sind einige Schritte, die Sie beachten sollten, wenn Sie gebrauchte BDSM-Stiefel bewerben m\u00f6chten: Denken Sie daran, dass die Regeln und Gesetze bez\u00fcglich des Verkaufs von gebrauchter BDSM-Ausr\u00fcstung je nach Region unterschiedlich sein k\u00f6nnen. Informieren Sie sich [&hellip;]<\/p>\n","protected":false},"author":1,"featured_media":0,"parent":0,"menu_order":0,"comment_status":"closed","ping_status":"closed","template":"","meta":{"_bbp_topic_count":0,"_bbp_reply_count":0,"_bbp_total_topic_count":0,"_bbp_total_reply_count":0,"_bbp_voice_count":0,"_bbp_anonymous_reply_count":0,"_bbp_topic_count_hidden":0,"_bbp_reply_count_hidden":0,"_bbp_forum_subforum_count":0,"_uag_custom_page_level_css":"","footnotes":""},"class_list":["post-124","page","type-page","status-publish","hentry"],"yoast_head":"<!-- This site is optimized with the Yoast SEO plugin v27.5 - https:\/\/yoast.com\/product\/yoast-seo-wordpress\/ -->\n<title>BDSM Pumps+Stiefel - BDSM Secondhand Portal<\/title>\n<meta name=\"description\" content=\"Es ist wichtig zu beachten, dass die Annonce f\u00fcr gebrauchte BDSM Pumps+Stiefel, bestimmte ethische und rechtliche \u00dcberlegungen erfordert\" \/>\n<meta name=\"robots\" content=\"index, follow, max-snippet:-1, max-image-preview:large, max-video-preview:-1\" \/>\n<link rel=\"canonical\" href=\"https:\/\/bdsm-sklavenmarkt.club\/secondhand\/bdsm-pumpsstiefel\/\" \/>\n<meta property=\"og:locale\" content=\"de_DE\" \/>\n<meta property=\"og:type\" content=\"article\" \/>\n<meta property=\"og:title\" content=\"BDSM Pumps+Stiefel - BDSM Secondhand Portal\" \/>\n<meta property=\"og:description\" content=\"Es ist wichtig zu beachten, dass die Annonce f\u00fcr gebrauchte BDSM Pumps+Stiefel, bestimmte ethische und rechtliche \u00dcberlegungen erfordert\" \/>\n<meta property=\"og:url\" content=\"https:\/\/bdsm-sklavenmarkt.club\/secondhand\/bdsm-pumpsstiefel\/\" \/>\n<meta property=\"og:site_name\" content=\"BDSM Secondhand Portal\" \/>\n<meta property=\"article:modified_time\" content=\"2023-09-21T17:34:06+00:00\" \/>\n<meta name=\"twitter:card\" content=\"summary_large_image\" \/>\n<meta name=\"twitter:label1\" content=\"Gesch\u00e4tzte Lesezeit\" \/>\n\t<meta name=\"twitter:data1\" content=\"2\u00a0Minuten\" \/>\n<script type=\"application\/ld+json\" class=\"yoast-schema-graph\">{\"@context\":\"https:\\\/\\\/schema.org\",\"@graph\":[{\"@type\":\"WebPage\",\"@id\":\"https:\\\/\\\/bdsm-sklavenmarkt.club\\\/secondhand\\\/bdsm-pumpsstiefel\\\/\",\"url\":\"https:\\\/\\\/bdsm-sklavenmarkt.club\\\/secondhand\\\/bdsm-pumpsstiefel\\\/\",\"name\":\"BDSM Pumps+Stiefel - BDSM Secondhand Portal\",\"isPartOf\":{\"@id\":\"https:\\\/\\\/bdsm-sklavenmarkt.club\\\/secondhand\\\/#website\"},\"datePublished\":\"2022-02-22T12:03:18+00:00\",\"dateModified\":\"2023-09-21T17:34:06+00:00\",\"description\":\"Es ist wichtig zu beachten, dass die Annonce f\u00fcr gebrauchte BDSM Pumps+Stiefel, bestimmte ethische und rechtliche \u00dcberlegungen erfordert\",\"breadcrumb\":{\"@id\":\"https:\\\/\\\/bdsm-sklavenmarkt.club\\\/secondhand\\\/bdsm-pumpsstiefel\\\/#breadcrumb\"},\"inLanguage\":\"de\",\"potentialAction\":[{\"@type\":\"ReadAction\",\"target\":[\"https:\\\/\\\/bdsm-sklavenmarkt.club\\\/secondhand\\\/bdsm-pumpsstiefel\\\/\"]}]},{\"@type\":\"BreadcrumbList\",\"@id\":\"https:\\\/\\\/bdsm-sklavenmarkt.club\\\/secondhand\\\/bdsm-pumpsstiefel\\\/#breadcrumb\",\"itemListElement\":[{\"@type\":\"ListItem\",\"position\":1,\"name\":\"Startseite\",\"item\":\"https:\\\/\\\/bdsm-sklavenmarkt.club\\\/secondhand\\\/\"},{\"@type\":\"ListItem\",\"position\":2,\"name\":\"BDSM Pumps+Stiefel\"}]},{\"@type\":\"WebSite\",\"@id\":\"https:\\\/\\\/bdsm-sklavenmarkt.club\\\/secondhand\\\/#website\",\"url\":\"https:\\\/\\\/bdsm-sklavenmarkt.club\\\/secondhand\\\/\",\"name\":\"BDSM Secondhand Portal\",\"description\":\"Die Seite f\u00fcr BDSM Fetisch Secondhand\",\"publisher\":{\"@id\":\"https:\\\/\\\/bdsm-sklavenmarkt.club\\\/secondhand\\\/#organization\"},\"potentialAction\":[{\"@type\":\"SearchAction\",\"target\":{\"@type\":\"EntryPoint\",\"urlTemplate\":\"https:\\\/\\\/bdsm-sklavenmarkt.club\\\/secondhand\\\/?s={search_term_string}\"},\"query-input\":{\"@type\":\"PropertyValueSpecification\",\"valueRequired\":true,\"valueName\":\"search_term_string\"}}],\"inLanguage\":\"de\"},{\"@type\":\"Organization\",\"@id\":\"https:\\\/\\\/bdsm-sklavenmarkt.club\\\/secondhand\\\/#organization\",\"name\":\"BDSM Secondhand Portal\",\"url\":\"https:\\\/\\\/bdsm-sklavenmarkt.club\\\/secondhand\\\/\",\"logo\":{\"@type\":\"ImageObject\",\"inLanguage\":\"de\",\"@id\":\"https:\\\/\\\/bdsm-sklavenmarkt.club\\\/secondhand\\\/#\\\/schema\\\/logo\\\/image\\\/\",\"url\":\"https:\\\/\\\/bdsm-sklavenmarkt.club\\\/secondhand\\\/wp-content\\\/uploads\\\/2022\\\/09\\\/Banner1-1.png\",\"contentUrl\":\"https:\\\/\\\/bdsm-sklavenmarkt.club\\\/secondhand\\\/wp-content\\\/uploads\\\/2022\\\/09\\\/Banner1-1.png\",\"width\":400,\"height\":197,\"caption\":\"BDSM Secondhand Portal\"},\"image\":{\"@id\":\"https:\\\/\\\/bdsm-sklavenmarkt.club\\\/secondhand\\\/#\\\/schema\\\/logo\\\/image\\\/\"}}]}<\/script>\n<!-- \/ Yoast SEO plugin. -->","yoast_head_json":{"title":"BDSM Pumps+Stiefel - BDSM Secondhand Portal","description":"Es ist wichtig zu beachten, dass die Annonce f\u00fcr gebrauchte BDSM Pumps+Stiefel, bestimmte ethische und rechtliche \u00dcberlegungen erfordert","robots":{"index":"index","follow":"follow","max-snippet":"max-snippet:-1","max-image-preview":"max-image-preview:large","max-video-preview":"max-video-preview:-1"},"canonical":"https:\/\/bdsm-sklavenmarkt.club\/secondhand\/bdsm-pumpsstiefel\/","og_locale":"de_DE","og_type":"article","og_title":"BDSM Pumps+Stiefel - BDSM Secondhand Portal","og_description":"Es ist wichtig zu beachten, dass die Annonce f\u00fcr gebrauchte BDSM Pumps+Stiefel, bestimmte ethische und rechtliche \u00dcberlegungen erfordert","og_url":"https:\/\/bdsm-sklavenmarkt.club\/secondhand\/bdsm-pumpsstiefel\/","og_site_name":"BDSM Secondhand Portal","article_modified_time":"2023-09-21T17:34:06+00:00","twitter_card":"summary_large_image","twitter_misc":{"Gesch\u00e4tzte Lesezeit":"2\u00a0Minuten"},"schema":{"@context":"https:\/\/schema.org","@graph":[{"@type":"WebPage","@id":"https:\/\/bdsm-sklavenmarkt.club\/secondhand\/bdsm-pumpsstiefel\/","url":"https:\/\/bdsm-sklavenmarkt.club\/secondhand\/bdsm-pumpsstiefel\/","name":"BDSM Pumps+Stiefel - BDSM Secondhand Portal","isPartOf":{"@id":"https:\/\/bdsm-sklavenmarkt.club\/secondhand\/#website"},"datePublished":"2022-02-22T12:03:18+00:00","dateModified":"2023-09-21T17:34:06+00:00","description":"Es ist wichtig zu beachten, dass die Annonce f\u00fcr gebrauchte BDSM Pumps+Stiefel, bestimmte ethische und rechtliche \u00dcberlegungen erfordert","breadcrumb":{"@id":"https:\/\/bdsm-sklavenmarkt.club\/secondhand\/bdsm-pumpsstiefel\/#breadcrumb"},"inLanguage":"de","potentialAction":[{"@type":"ReadAction","target":["https:\/\/bdsm-sklavenmarkt.club\/secondhand\/bdsm-pumpsstiefel\/"]}]},{"@type":"BreadcrumbList","@id":"https:\/\/bdsm-sklavenmarkt.club\/secondhand\/bdsm-pumpsstiefel\/#breadcrumb","itemListElement":[{"@type":"ListItem","position":1,"name":"Startseite","item":"https:\/\/bdsm-sklavenmarkt.club\/secondhand\/"},{"@type":"ListItem","position":2,"name":"BDSM Pumps+Stiefel"}]},{"@type":"WebSite","@id":"https:\/\/bdsm-sklavenmarkt.club\/secondhand\/#website","url":"https:\/\/bdsm-sklavenmarkt.club\/secondhand\/","name":"BDSM Secondhand Portal","description":"Die Seite f\u00fcr BDSM Fetisch Secondhand","publisher":{"@id":"https:\/\/bdsm-sklavenmarkt.club\/secondhand\/#organization"},"potentialAction":[{"@type":"SearchAction","target":{"@type":"EntryPoint","urlTemplate":"https:\/\/bdsm-sklavenmarkt.club\/secondhand\/?s={search_term_string}"},"query-input":{"@type":"PropertyValueSpecification","valueRequired":true,"valueName":"search_term_string"}}],"inLanguage":"de"},{"@type":"Organization","@id":"https:\/\/bdsm-sklavenmarkt.club\/secondhand\/#organization","name":"BDSM Secondhand Portal","url":"https:\/\/bdsm-sklavenmarkt.club\/secondhand\/","logo":{"@type":"ImageObject","inLanguage":"de","@id":"https:\/\/bdsm-sklavenmarkt.club\/secondhand\/#\/schema\/logo\/image\/","url":"https:\/\/bdsm-sklavenmarkt.club\/secondhand\/wp-content\/uploads\/2022\/09\/Banner1-1.png","contentUrl":"https:\/\/bdsm-sklavenmarkt.club\/secondhand\/wp-content\/uploads\/2022\/09\/Banner1-1.png","width":400,"height":197,"caption":"BDSM Secondhand Portal"},"image":{"@id":"https:\/\/bdsm-sklavenmarkt.club\/secondhand\/#\/schema\/logo\/image\/"}}]}},"uagb_featured_image_src":{"full":false,"thumbnail":false,"medium":false,"medium_large":false,"large":false,"1536x1536":false,"2048x2048":false,"hp_square_small":false,"hp_landscape_small":false,"hp_landscape_large":false,"ht_portrait_small":false,"ht_landscape_large":false,"ht_cover_large":false},"uagb_author_info":{"display_name":"Peter","author_link":"https:\/\/bdsm-sklavenmarkt.club\/secondhand\/author\/peter\/"},"uagb_comment_info":0,"uagb_excerpt":"Es ist wichtig zu beachten, dass die Annonce f\u00fcr gebrauchte BDSM Pumps+Stiefel, bestimmte ethische und rechtliche \u00dcberlegungen erfordert. Hier sind einige Schritte, die Sie beachten sollten, wenn Sie gebrauchte BDSM-Stiefel bewerben m\u00f6chten: Denken Sie daran, dass die Regeln und Gesetze bez\u00fcglich des Verkaufs von gebrauchter BDSM-Ausr\u00fcstung je nach Region unterschiedlich sein k\u00f6nnen. Informieren Sie sich&hellip;","_links":{"self":[{"href":"https:\/\/bdsm-sklavenmarkt.club\/secondhand\/wp-json\/wp\/v2\/pages\/124","targetHints":{"allow":["GET"]}}],"collection":[{"href":"https:\/\/bdsm-sklavenmarkt.club\/secondhand\/wp-json\/wp\/v2\/pages"}],"about":[{"href":"https:\/\/bdsm-sklavenmarkt.club\/secondhand\/wp-json\/wp\/v2\/types\/page"}],"author":[{"embeddable":true,"href":"https:\/\/bdsm-sklavenmarkt.club\/secondhand\/wp-json\/wp\/v2\/users\/1"}],"replies":[{"embeddable":true,"href":"https:\/\/bdsm-sklavenmarkt.club\/secondhand\/wp-json\/wp\/v2\/comments?post=124"}],"version-history":[{"count":3,"href":"https:\/\/bdsm-sklavenmarkt.club\/secondhand\/wp-json\/wp\/v2\/pages\/124\/revisions"}],"predecessor-version":[{"id":1200,"href":"https:\/\/bdsm-sklavenmarkt.club\/secondhand\/wp-json\/wp\/v2\/pages\/124\/revisions\/1200"}],"wp:attachment":[{"href":"https:\/\/bdsm-sklavenmarkt.club\/secondhand\/wp-json\/wp\/v2\/media?parent=124"}],"curies":[{"name":"wp","href":"https:\/\/api.w.org\/{rel}","templated":true}]}}